{"id":442,"date":"2022-04-28T16:41:31","date_gmt":"2022-04-28T14:41:31","guid":{"rendered":"https:\/\/www.centrerenaissance.net\/?page_id=442"},"modified":"2025-07-19T17:33:36","modified_gmt":"2025-07-19T15:33:36","slug":"escuela","status":"publish","type":"page","link":"https:\/\/www.centrerenaissance.net\/ca\/escuela\/","title":{"rendered":"Escola"},"content":{"rendered":"<div data-elementor-type=\"wp-page\" data-elementor-id=\"442\" class=\"elementor elementor-442\" data-elementor-post-type=\"page\">\n\t\t\t\t\t\t<section class=\"elementor-section elementor-top-section elementor-element elementor-element-f3dc748 elementor-section-full_width elementor-section-height-default elementor-section-height-default\" data-id=\"f3dc748\" data-element_type=\"section\" data-e-type=\"section\">\n\t\t\t\t\t\t<div class=\"elementor-container elementor-column-gap-no\">\n\t\t\t\t\t<div class=\"elementor-column elementor-col-100 elementor-top-column elementor-element elementor-element-82c14aa\" data-id=\"82c14aa\" data-element_type=\"column\" data-e-type=\"column\">\n\t\t\t<div class=\"elementor-widget-wrap elementor-element-populated\">\n\t\t\t\t\t\t<div class=\"elementor-element elementor-element-574f9a3 elementor-widget elementor-widget-heading\" data-id=\"574f9a3\" data-element_type=\"widget\" data-e-type=\"widget\" data-widget_type=\"heading.default\">\n\t\t\t\t<div class=\"elementor-widget-container\">\n\t\t\t\t\t<h2 class=\"elementor-heading-title elementor-size-default\">Curs Quiromassatge<\/h2>\t\t\t\t<\/div>\n\t\t\t\t<\/div>\n\t\t\t\t<div class=\"elementor-element elementor-element-a513ee6 elementor-widget elementor-widget-text-editor\" data-id=\"a513ee6\" data-element_type=\"widget\" data-e-type=\"widget\" data-widget_type=\"text-editor.default\">\n\t\t\t\t<div class=\"elementor-widget-container\">\n\t\t\t\t\t\t\t\t\t<p>El curs s'adre\u00e7a tant a les persones que desitgen iniciar-se al m\u00f3n del Quiromassatge, com a les persones iniciades que desitgen aprofundir el coneixement sobre les diferents t\u00e8cniques espec\u00edfiques utilitzades en Quiromassatge.<\/p><p>A m\u00e9s d'ensenyar les t\u00e8cniques manuals fonamentals aplicades a un massatge, aquest curs inclou t\u00e8cniques combinades que ajudaran l'alumne a entendre millor com funciona el cos hum\u00e0 a un nivell m\u00e9s profund.<\/p>\t\t\t\t\t\t\t\t<\/div>\n\t\t\t\t<\/div>\n\t\t\t\t<div class=\"elementor-element elementor-element-6cdbc02 elementor-widget elementor-widget-pp-advanced-accordion\" data-id=\"6cdbc02\" data-element_type=\"widget\" data-e-type=\"widget\" data-settings=\"{&quot;accordion_type&quot;:&quot;accordion&quot;,&quot;toggle_speed&quot;:300}\" data-widget_type=\"pp-advanced-accordion.default\">\n\t\t\t\t<div class=\"elementor-widget-container\">\n\t\t\t\t\t\t\t<div class=\"pp-advanced-accordion pp-toggle-icon-align-right\" id=\"pp-advanced-accordion-6cdbc02\" data-accordion-id=\"6cdbc02\" role=\"tablist\">\n\t\t\t\t\t\t\t<div class=\"pp-accordion-item\">\n\t\t\t\t\t\t\t\t\t\t<div id=\"pp-accordion-tab-title-1141\" class=\"pp-accordion-tab-title\" tabindex=\"0\" data-tab=\"1\" role=\"tab\" aria-controls=\"pp-accordion-tab-content-1141\" aria-expanded=\"false\">\n\t\t\t\t\t\t<span class=\"pp-accordion-title-icon\">\n\t\t\t\t\t\t\t\t\t\t\t\t\t\t<span class=\"pp-accordion-title-text\">\n\t\t\t\t\t\t\t\tM\u00f2dul I \u2013 Quiromassatge general, t\u00e8cniques fonamentals\t\t\t\t\t\t\t<\/span>\n\t\t\t\t\t\t<\/span>\n\t\t\t\t\t\t\t\t\t\t\t\t\t<div class=\"pp-accordion-toggle-icon\">\n\t\t\t\t\t\t\t\t\t\t\t\t\t\t\t\t\t<span class='pp-accordion-toggle-icon-close pp-icon'>\n\t\t\t\t\t\t\t\t\t\t<i aria-hidden=\"true\" class=\"fas fa-chevron-down\"><\/i>\t\t\t\t\t\t\t\t\t<\/span>\n\t\t\t\t\t\t\t\t\t\t\t\t\t\t\t\t\t\t\t\t\t\t\t\t\t<span class='pp-accordion-toggle-icon-open pp-icon'>\n\t\t\t\t\t\t\t\t\t\t<i aria-hidden=\"true\" class=\"fas fa-chevron-up\"><\/i>\t\t\t\t\t\t\t\t\t<\/span>\n\t\t\t\t\t\t\t\t\t\t\t\t\t\t\t<\/div>\n\t\t\t\t\t\t\t\t\t\t\t<\/div>\n\n\t\t\t\t\t<div id=\"pp-accordion-tab-content-1141\" class=\"pp-accordion-tab-content\" data-tab=\"1\" role=\"tabpanel\" aria-labelledby=\"pp-accordion-tab-title-1141\">\n\t\t\t\t\t\t<h4 style=\"text-align: center;\"><strong>Curs te\u00f2ric i pr\u00e0ctic<em><br \/><\/em><\/strong><\/h4><h5><span style=\"font-size: 16px;\">Part te\u00f2rica<\/span><\/h5><ul><li>Hist\u00f2ria del massatge.<\/li><li>Efectes fisiol\u00f2gics i beneficis del massatge.<\/li><li>Indicacions i Contraindicacions.<\/li><li>Preparaci\u00f3 de la sessi\u00f3 de massatge (higiene personal, cabina, olis).<\/li><li>Anatomia estructural osteoarticular i muscular.<\/li><\/ul><h5><span style=\"font-size: 16px;\">Part pr\u00e0ctica<\/span><\/h5><ul><li>T\u00e8cniques b\u00e0siques en Quiromassatge (neuro cutanis, friccions, amassaments, pressions, percussions, buidatges venosos, vibracions).<\/li><li>Aplicaci\u00f3 pr\u00e0ctica de les manipulacions a Peu, Cama, Cuixa, Zona gl\u00fatia, Esquena, Coll (cervicals), T\u00f2rax, Abdomen, M\u00e0, Bra\u00e7 i Espatlla.<\/li><li>T\u00e8cniques de flexibilitzaci\u00f3 articular (turmell, genoll, maluc, canell, colze, espatlla).<\/li><li>T\u00e8cniques d'elastificaci\u00f3 - estiraments musculars.<\/li><\/ul><p style=\"text-align: center;\"><strong>Durada:<\/strong> 4 mesos, 4 hores setmanals (mat\u00ed o tarda)<\/p>\t\t\t\t\t<\/div>\n\t\t\t\t<\/div>\n\t\t\t\t\t\t\t<div class=\"pp-accordion-item\">\n\t\t\t\t\t\t\t\t\t\t<div id=\"pp-accordion-tab-title-1142\" class=\"pp-accordion-tab-title\" tabindex=\"0\" data-tab=\"2\" role=\"tab\" aria-controls=\"pp-accordion-tab-content-1142\" aria-expanded=\"false\">\n\t\t\t\t\t\t<span class=\"pp-accordion-title-icon\">\n\t\t\t\t\t\t\t\t\t\t\t\t\t\t<span class=\"pp-accordion-title-text\">\n\t\t\t\t\t\t\t\tM\u00f2dul II \u2013 T\u00e8cniques espec\u00edfiques en quiromassatge\t\t\t\t\t\t\t<\/span>\n\t\t\t\t\t\t<\/span>\n\t\t\t\t\t\t\t\t\t\t\t\t\t<div class=\"pp-accordion-toggle-icon\">\n\t\t\t\t\t\t\t\t\t\t\t\t\t\t\t\t\t<span class='pp-accordion-toggle-icon-close pp-icon'>\n\t\t\t\t\t\t\t\t\t\t<i aria-hidden=\"true\" class=\"fas fa-chevron-down\"><\/i>\t\t\t\t\t\t\t\t\t<\/span>\n\t\t\t\t\t\t\t\t\t\t\t\t\t\t\t\t\t\t\t\t\t\t\t\t\t<span class='pp-accordion-toggle-icon-open pp-icon'>\n\t\t\t\t\t\t\t\t\t\t<i aria-hidden=\"true\" class=\"fas fa-chevron-up\"><\/i>\t\t\t\t\t\t\t\t\t<\/span>\n\t\t\t\t\t\t\t\t\t\t\t\t\t\t\t<\/div>\n\t\t\t\t\t\t\t\t\t\t\t<\/div>\n\n\t\t\t\t\t<div id=\"pp-accordion-tab-content-1142\" class=\"pp-accordion-tab-content\" data-tab=\"2\" role=\"tabpanel\" aria-labelledby=\"pp-accordion-tab-title-1142\">\n\t\t\t\t\t\t<h4 style=\"text-align: center;\"><strong>Curs pr\u00e0ctic<em><br \/><\/em><\/strong><\/h4><ul><li>Quiromassatge general.<\/li><li>Exploraci\u00f3 diferencial en lesions musculars i articulars.<\/li><li>T\u00e8cniques Punt gallet.<\/li><li>T\u00e8cniques Cyriax.<\/li><li>Quiromassatge din\u00e0mic reflex.<\/li><li>Estiraments musculars.<\/li><li>Protocol de tractament en les diferents lesions.<br \/>- Dolor d\u02bbesquena per tensi\u00f3 i contractura muscular.<br \/>- Lumb\u00e0lgies i lumboci\u00e0tiques.<br \/>- Dorsalgias.<br \/>- Torticolis i cervic\u00e0lgies.<br \/>- Artrosi, artritis i reumatisme.<br \/>- Desviacions de la columna vertebral (hiperlordosi, hipercifosi, rectificaci\u00f3 vertebral, escoliosi).<br \/>- Alteracions funcionals de les articulacions (maluc, genoll, turmell, espatlla, colze, canell).<br \/>- Tendinitis, capsulitis, bursitis.<br \/>- Esquin\u00e7os articulars i musculars.<br \/>- Estrenyiment.<\/li><\/ul><p style=\"text-align: center;\"><strong>Durada:<\/strong> 6 mesos, 4 hores setmanals (mat\u00ed o tarda)<\/p>\t\t\t\t\t<\/div>\n\t\t\t\t<\/div>\n\t\t\t\t\t\t\t<div class=\"pp-accordion-item\">\n\t\t\t\t\t\t\t\t\t\t<div id=\"pp-accordion-tab-title-1143\" class=\"pp-accordion-tab-title\" tabindex=\"0\" data-tab=\"3\" role=\"tab\" aria-controls=\"pp-accordion-tab-content-1143\" aria-expanded=\"false\">\n\t\t\t\t\t\t<span class=\"pp-accordion-title-icon\">\n\t\t\t\t\t\t\t\t\t\t\t\t\t\t<span class=\"pp-accordion-title-text\">\n\t\t\t\t\t\t\t\tM\u00f2dul III \u2013 El quiromassatge i la seva varietat\t\t\t\t\t\t\t<\/span>\n\t\t\t\t\t\t<\/span>\n\t\t\t\t\t\t\t\t\t\t\t\t\t<div class=\"pp-accordion-toggle-icon\">\n\t\t\t\t\t\t\t\t\t\t\t\t\t\t\t\t\t<span class='pp-accordion-toggle-icon-close pp-icon'>\n\t\t\t\t\t\t\t\t\t\t<i aria-hidden=\"true\" class=\"fas fa-chevron-down\"><\/i>\t\t\t\t\t\t\t\t\t<\/span>\n\t\t\t\t\t\t\t\t\t\t\t\t\t\t\t\t\t\t\t\t\t\t\t\t\t<span class='pp-accordion-toggle-icon-open pp-icon'>\n\t\t\t\t\t\t\t\t\t\t<i aria-hidden=\"true\" class=\"fas fa-chevron-up\"><\/i>\t\t\t\t\t\t\t\t\t<\/span>\n\t\t\t\t\t\t\t\t\t\t\t\t\t\t\t<\/div>\n\t\t\t\t\t\t\t\t\t\t\t<\/div>\n\n\t\t\t\t\t<div id=\"pp-accordion-tab-content-1143\" class=\"pp-accordion-tab-content\" data-tab=\"3\" role=\"tabpanel\" aria-labelledby=\"pp-accordion-tab-title-1143\">\n\t\t\t\t\t\t<h4 style=\"text-align: center;\"><strong>Curs pr\u00e0ctic<em><br \/><\/em><\/strong><\/h4><ul><li>Quiromassatge en la relaxaci\u00f3 corporal.<\/li><li>Quiromassatge circulatori.<\/li><li>Quiromassatge anticel\u00b7lul\u00edtic.<\/li><li>Quiromassatge a l'esport.<\/li><li>Massatge cranial i facial.<\/li><li>Massatge neuro sedant.<\/li><li>Massatge a l'embar\u00e0s.<\/li><\/ul><p style=\"text-align: center;\"><strong>Durada:<\/strong> 3 mesos, 4 hores setmanals (mat\u00ed o tarda)<\/p>\t\t\t\t\t<\/div>\n\t\t\t\t<\/div>\n\t\t\t\t\t<\/div>\n\t\t\t\t\t\t<\/div>\n\t\t\t\t<\/div>\n\t\t\t\t<div class=\"elementor-element elementor-element-8b1338c elementor-widget elementor-widget-gallery\" data-id=\"8b1338c\" data-element_type=\"widget\" data-e-type=\"widget\" data-settings=\"{&quot;columns&quot;:2,&quot;columns_mobile&quot;:2,&quot;gap&quot;:{&quot;unit&quot;:&quot;px&quot;,&quot;size&quot;:4,&quot;sizes&quot;:[]},&quot;gap_tablet&quot;:{&quot;unit&quot;:&quot;px&quot;,&quot;size&quot;:4,&quot;sizes&quot;:[]},&quot;gap_mobile&quot;:{&quot;unit&quot;:&quot;px&quot;,&quot;size&quot;:2,&quot;sizes&quot;:[]},&quot;aspect_ratio&quot;:&quot;16:9&quot;,&quot;lazyload&quot;:&quot;yes&quot;,&quot;gallery_layout&quot;:&quot;grid&quot;,&quot;columns_tablet&quot;:2,&quot;link_to&quot;:&quot;file&quot;,&quot;overlay_background&quot;:&quot;yes&quot;,&quot;content_hover_animation&quot;:&quot;fade-in&quot;}\" data-widget_type=\"gallery.default\">\n\t\t\t\t<div class=\"elementor-widget-container\">\n\t\t\t\t\t\t\t<div class=\"elementor-gallery__container\">\n\t\t\t\t\t\t\t<a class=\"e-gallery-item elementor-gallery-item elementor-animated-content\" href=\"https:\/\/www.centrerenaissance.net\/wp-content\/uploads\/2022\/05\/Centre-Renaissance-Cursos-02.jpg\" data-elementor-open-lightbox=\"yes\" data-elementor-lightbox-slideshow=\"8b1338c\" data-elementor-lightbox-title=\"Centro Renaissance - Cursos\" data-e-action-hash=\"#elementor-action%3Aaction%3Dlightbox%26settings%3DeyJpZCI6MTQxNSwidXJsIjoiaHR0cHM6XC9cL3d3dy5jZW50cmVyZW5haXNzYW5jZS5uZXRcL3dwLWNvbnRlbnRcL3VwbG9hZHNcLzIwMjJcLzA1XC9DZW50cmUtUmVuYWlzc2FuY2UtQ3Vyc29zLTAyLmpwZyIsInNsaWRlc2hvdyI6IjhiMTMzOGMifQ%3D%3D\">\n\t\t\t\t\t<div class=\"e-gallery-image elementor-gallery-item__image\" data-thumbnail=\"https:\/\/www.centrerenaissance.net\/wp-content\/uploads\/2022\/05\/Centre-Renaissance-Cursos-02.jpg\" data-width=\"900\" data-height=\"551\" aria-label=\"Centre Renaissance - Cursos\" role=\"img\" ><\/div>\n\t\t\t\t\t\t\t\t\t\t\t<div class=\"elementor-gallery-item__overlay\"><\/div>\n\t\t\t\t\t\t\t\t\t\t\t\t\t\t<\/a>\n\t\t\t\t\t\t\t<a class=\"e-gallery-item elementor-gallery-item elementor-animated-content\" href=\"https:\/\/www.centrerenaissance.net\/wp-content\/uploads\/2022\/05\/Centre-Renaissance-Cursos-04.jpg\" data-elementor-open-lightbox=\"yes\" data-elementor-lightbox-slideshow=\"8b1338c\" data-elementor-lightbox-title=\"Centro Renaissance - Cursos\" data-e-action-hash=\"#elementor-action%3Aaction%3Dlightbox%26settings%3DeyJpZCI6MTQxNywidXJsIjoiaHR0cHM6XC9cL3d3dy5jZW50cmVyZW5haXNzYW5jZS5uZXRcL3dwLWNvbnRlbnRcL3VwbG9hZHNcLzIwMjJcLzA1XC9DZW50cmUtUmVuYWlzc2FuY2UtQ3Vyc29zLTA0LmpwZyIsInNsaWRlc2hvdyI6IjhiMTMzOGMifQ%3D%3D\">\n\t\t\t\t\t<div class=\"e-gallery-image elementor-gallery-item__image\" data-thumbnail=\"https:\/\/www.centrerenaissance.net\/wp-content\/uploads\/2022\/05\/Centre-Renaissance-Cursos-04.jpg\" data-width=\"900\" data-height=\"825\" aria-label=\"Centre Renaissance - Cursos\" role=\"img\" ><\/div>\n\t\t\t\t\t\t\t\t\t\t\t<div class=\"elementor-gallery-item__overlay\"><\/div>\n\t\t\t\t\t\t\t\t\t\t\t\t\t\t<\/a>\n\t\t\t\t\t\t\t<a class=\"e-gallery-item elementor-gallery-item elementor-animated-content\" href=\"https:\/\/www.centrerenaissance.net\/wp-content\/uploads\/2022\/05\/Centre-Renaissance-Cursos-01.jpg\" data-elementor-open-lightbox=\"yes\" data-elementor-lightbox-slideshow=\"8b1338c\" data-elementor-lightbox-title=\"Centro Renaissance - Cursos\" data-e-action-hash=\"#elementor-action%3Aaction%3Dlightbox%26settings%3DeyJpZCI6MTQxNCwidXJsIjoiaHR0cHM6XC9cL3d3dy5jZW50cmVyZW5haXNzYW5jZS5uZXRcL3dwLWNvbnRlbnRcL3VwbG9hZHNcLzIwMjJcLzA1XC9DZW50cmUtUmVuYWlzc2FuY2UtQ3Vyc29zLTAxLmpwZyIsInNsaWRlc2hvdyI6IjhiMTMzOGMifQ%3D%3D\">\n\t\t\t\t\t<div class=\"e-gallery-image elementor-gallery-item__image\" data-thumbnail=\"https:\/\/www.centrerenaissance.net\/wp-content\/uploads\/2022\/05\/Centre-Renaissance-Cursos-01.jpg\" data-width=\"900\" data-height=\"503\" aria-label=\"Centre Renaissance - Cursos\" role=\"img\" ><\/div>\n\t\t\t\t\t\t\t\t\t\t\t<div class=\"elementor-gallery-item__overlay\"><\/div>\n\t\t\t\t\t\t\t\t\t\t\t\t\t\t<\/a>\n\t\t\t\t\t\t\t<a class=\"e-gallery-item elementor-gallery-item elementor-animated-content\" href=\"https:\/\/www.centrerenaissance.net\/wp-content\/uploads\/2022\/05\/Centre-Renaissance-Cursos-03.jpg\" data-elementor-open-lightbox=\"yes\" data-elementor-lightbox-slideshow=\"8b1338c\" data-elementor-lightbox-title=\"Centro Renaissance - Cursos\" data-e-action-hash=\"#elementor-action%3Aaction%3Dlightbox%26settings%3DeyJpZCI6MTQxNiwidXJsIjoiaHR0cHM6XC9cL3d3dy5jZW50cmVyZW5haXNzYW5jZS5uZXRcL3dwLWNvbnRlbnRcL3VwbG9hZHNcLzIwMjJcLzA1XC9DZW50cmUtUmVuYWlzc2FuY2UtQ3Vyc29zLTAzLmpwZyIsInNsaWRlc2hvdyI6IjhiMTMzOGMifQ%3D%3D\">\n\t\t\t\t\t<div class=\"e-gallery-image elementor-gallery-item__image\" data-thumbnail=\"https:\/\/www.centrerenaissance.net\/wp-content\/uploads\/2022\/05\/Centre-Renaissance-Cursos-03.jpg\" data-width=\"900\" data-height=\"782\" aria-label=\"Centre Renaissance - Cursos\" role=\"img\" ><\/div>\n\t\t\t\t\t\t\t\t\t\t\t<div class=\"elementor-gallery-item__overlay\"><\/div>\n\t\t\t\t\t\t\t\t\t\t\t\t\t\t<\/a>\n\t\t\t\t\t<\/div>\n\t\t\t\t\t<\/div>\n\t\t\t\t<\/div>\n\t\t\t\t\t<\/div>\n\t\t<\/div>\n\t\t\t\t\t<\/div>\n\t\t<\/section>\n\t\t\t\t<\/div>","protected":false},"excerpt":{"rendered":"<p>Curso Quiromasaje El curso se dirige tanto a las personas que desean iniciarse en el mundo del Quiromasaje, como a las personas iniciadas que desean profundizar el conocimiento sobre las distintas t\u00e9cnicas espec\u00edficas utilizadas en Quiromasaje. Adem\u00e1s de ense\u00f1ar las t\u00e9cnicas manuales fundamentales aplicadas en un masaje, este curso incluye t\u00e9cnicas combinadas que ayudaran al<br \/><a class=\"moretag\" href=\"https:\/\/www.centrerenaissance.net\/ca\/escuela\/\">+ Read More<\/a><\/p>","protected":false},"author":1,"featured_media":2527,"parent":0,"menu_order":0,"comment_status":"closed","ping_status":"closed","template":"templates\/page-fullwidth_template.php","meta":{"footnotes":""},"class_list":["post-442","page","type-page","status-publish","has-post-thumbnail","hentry"],"_links":{"self":[{"href":"https:\/\/www.centrerenaissance.net\/ca\/wp-json\/wp\/v2\/pages\/442","targetHints":{"allow":["GET"]}}],"collection":[{"href":"https:\/\/www.centrerenaissance.net\/ca\/wp-json\/wp\/v2\/pages"}],"about":[{"href":"https:\/\/www.centrerenaissance.net\/ca\/wp-json\/wp\/v2\/types\/page"}],"author":[{"embeddable":true,"href":"https:\/\/www.centrerenaissance.net\/ca\/wp-json\/wp\/v2\/users\/1"}],"replies":[{"embeddable":true,"href":"https:\/\/www.centrerenaissance.net\/ca\/wp-json\/wp\/v2\/comments?post=442"}],"version-history":[{"count":0,"href":"https:\/\/www.centrerenaissance.net\/ca\/wp-json\/wp\/v2\/pages\/442\/revisions"}],"wp:featuredmedia":[{"embeddable":true,"href":"https:\/\/www.centrerenaissance.net\/ca\/wp-json\/wp\/v2\/media\/2527"}],"wp:attachment":[{"href":"https:\/\/www.centrerenaissance.net\/ca\/wp-json\/wp\/v2\/media?parent=442"}],"curies":[{"name":"wp","href":"https:\/\/api.w.org\/{rel}","templated":true}]}}