{"id":449,"date":"2022-04-28T16:41:41","date_gmt":"2022-04-28T14:41:41","guid":{"rendered":"https:\/\/www.centrerenaissance.net\/?page_id=449"},"modified":"2025-07-19T17:13:12","modified_gmt":"2025-07-19T15:13:12","slug":"el-centro","status":"publish","type":"page","link":"https:\/\/www.centrerenaissance.net\/ca\/el-centro\/","title":{"rendered":"El Centre"},"content":{"rendered":"<div data-elementor-type=\"wp-page\" data-elementor-id=\"449\" class=\"elementor elementor-449\" data-elementor-post-type=\"page\">\n\t\t\t\t\t\t<section class=\"elementor-section elementor-top-section elementor-element elementor-element-24c71288 elementor-section-full_width elementor-section-height-default elementor-section-height-default\" data-id=\"24c71288\" data-element_type=\"section\" data-e-type=\"section\">\n\t\t\t\t\t\t<div class=\"elementor-container elementor-column-gap-no\">\n\t\t\t\t\t<div class=\"elementor-column elementor-col-100 elementor-top-column elementor-element elementor-element-24378e82\" data-id=\"24378e82\" data-element_type=\"column\" data-e-type=\"column\">\n\t\t\t<div class=\"elementor-widget-wrap elementor-element-populated\">\n\t\t\t\t\t\t<div class=\"elementor-element elementor-element-2dbf1a9 elementor-widget elementor-widget-heading\" data-id=\"2dbf1a9\" data-element_type=\"widget\" data-e-type=\"widget\" data-widget_type=\"heading.default\">\n\t\t\t\t<div class=\"elementor-widget-container\">\n\t\t\t\t\t<h2 class=\"elementor-heading-title elementor-size-default\">Entra a Renaissance i reneix amb nosaltres!<\/h2>\t\t\t\t<\/div>\n\t\t\t\t<\/div>\n\t\t\t\t<div class=\"elementor-element elementor-element-8348fe1 elementor-widget elementor-widget-text-editor\" data-id=\"8348fe1\" data-element_type=\"widget\" data-e-type=\"widget\" data-widget_type=\"text-editor.default\">\n\t\t\t\t<div class=\"elementor-widget-container\">\n\t\t\t\t\t\t\t\t\t<p>Et cuidem per dins i per fora.<\/p><p class=\"translation-block\">Ens trobar\u00e0s <strong>al centre de Sant Feliu de Gu\u00edxols, davant del Monestir<\/strong>.<\/p><p>Un local c\u00e0lid, confortable, acollidor. Un espai \u00edntim, fet per a tu.<\/p><p>Disposem d'una cabina on apliquem els procediments personalitzats i una sala polivalent adaptada per poder impartir les nostres formacions.<\/p>\t\t\t\t\t\t\t\t<\/div>\n\t\t\t\t<\/div>\n\t\t\t\t<div class=\"elementor-element elementor-element-b8e7b4d elementor-widget elementor-widget-heading\" data-id=\"b8e7b4d\" data-element_type=\"widget\" data-e-type=\"widget\" data-widget_type=\"heading.default\">\n\t\t\t\t<div class=\"elementor-widget-container\">\n\t\t\t\t\t<h3 class=\"elementor-heading-title elementor-size-default\">T'esperem!\nMAI \u00c9S TARD PER REN\u00c9IXER AMB UN BON MASSATGE!<\/h3>\t\t\t\t<\/div>\n\t\t\t\t<\/div>\n\t\t\t\t\t<\/div>\n\t\t<\/div>\n\t\t\t\t\t<\/div>\n\t\t<\/section>\n\t\t\t\t<section class=\"elementor-section elementor-top-section elementor-element elementor-element-4221761 elementor-section-full_width elementor-section-height-default elementor-section-height-default\" data-id=\"4221761\" data-element_type=\"section\" data-e-type=\"section\">\n\t\t\t\t\t\t<div class=\"elementor-container elementor-column-gap-no\">\n\t\t\t\t\t<div class=\"elementor-column elementor-col-100 elementor-top-column elementor-element elementor-element-0516ec6\" data-id=\"0516ec6\" data-element_type=\"column\" data-e-type=\"column\">\n\t\t\t<div class=\"elementor-widget-wrap elementor-element-populated\">\n\t\t\t\t\t\t<div class=\"elementor-element elementor-element-b9bf145 elementor-widget elementor-widget-gallery\" data-id=\"b9bf145\" data-element_type=\"widget\" data-e-type=\"widget\" data-settings=\"{&quot;columns_mobile&quot;:2,&quot;gap&quot;:{&quot;unit&quot;:&quot;px&quot;,&quot;size&quot;:4,&quot;sizes&quot;:[]},&quot;gap_mobile&quot;:{&quot;unit&quot;:&quot;px&quot;,&quot;size&quot;:2,&quot;sizes&quot;:[]},&quot;columns&quot;:3,&quot;lazyload&quot;:&quot;yes&quot;,&quot;gallery_layout&quot;:&quot;grid&quot;,&quot;columns_tablet&quot;:2,&quot;gap_tablet&quot;:{&quot;unit&quot;:&quot;px&quot;,&quot;size&quot;:10,&quot;sizes&quot;:[]},&quot;link_to&quot;:&quot;file&quot;,&quot;aspect_ratio&quot;:&quot;3:2&quot;,&quot;overlay_background&quot;:&quot;yes&quot;,&quot;content_hover_animation&quot;:&quot;fade-in&quot;}\" data-widget_type=\"gallery.default\">\n\t\t\t\t<div class=\"elementor-widget-container\">\n\t\t\t\t\t\t\t<div class=\"elementor-gallery__container\">\n\t\t\t\t\t\t\t<a class=\"e-gallery-item elementor-gallery-item elementor-animated-content\" href=\"https:\/\/www.centrerenaissance.net\/wp-content\/uploads\/2022\/05\/Renaissance-El-Centre-11.jpg\" data-elementor-open-lightbox=\"yes\" data-elementor-lightbox-slideshow=\"b9bf145\" data-elementor-lightbox-title=\"Renaissance - El Centro\" data-e-action-hash=\"#elementor-action%3Aaction%3Dlightbox%26settings%3DeyJpZCI6MTYwMiwidXJsIjoiaHR0cHM6XC9cL3d3dy5jZW50cmVyZW5haXNzYW5jZS5uZXRcL3dwLWNvbnRlbnRcL3VwbG9hZHNcLzIwMjJcLzA1XC9SZW5haXNzYW5jZS1FbC1DZW50cmUtMTEuanBnIiwic2xpZGVzaG93IjoiYjliZjE0NSJ9\">\n\t\t\t\t\t<div class=\"e-gallery-image elementor-gallery-item__image\" data-thumbnail=\"https:\/\/www.centrerenaissance.net\/wp-content\/uploads\/2022\/05\/Renaissance-El-Centre-11.jpg\" data-width=\"675\" data-height=\"900\" aria-label=\"Renaissance - El Centre\" role=\"img\" ><\/div>\n\t\t\t\t\t\t\t\t\t\t\t<div class=\"elementor-gallery-item__overlay\"><\/div>\n\t\t\t\t\t\t\t\t\t\t\t\t\t\t<\/a>\n\t\t\t\t\t\t\t<a class=\"e-gallery-item elementor-gallery-item elementor-animated-content\" href=\"https:\/\/www.centrerenaissance.net\/wp-content\/uploads\/2022\/05\/Renaissance-El-Centre-6.jpeg\" data-elementor-open-lightbox=\"yes\" data-elementor-lightbox-slideshow=\"b9bf145\" data-elementor-lightbox-title=\"Renaissance - El Centro\" data-e-action-hash=\"#elementor-action%3Aaction%3Dlightbox%26settings%3DeyJpZCI6MTU5NywidXJsIjoiaHR0cHM6XC9cL3d3dy5jZW50cmVyZW5haXNzYW5jZS5uZXRcL3dwLWNvbnRlbnRcL3VwbG9hZHNcLzIwMjJcLzA1XC9SZW5haXNzYW5jZS1FbC1DZW50cmUtNi5qcGVnIiwic2xpZGVzaG93IjoiYjliZjE0NSJ9\">\n\t\t\t\t\t<div class=\"e-gallery-image elementor-gallery-item__image\" data-thumbnail=\"https:\/\/www.centrerenaissance.net\/wp-content\/uploads\/2022\/05\/Renaissance-El-Centre-6.jpeg\" data-width=\"900\" data-height=\"675\" aria-label=\"Renaissance - El Centre\" role=\"img\" ><\/div>\n\t\t\t\t\t\t\t\t\t\t\t<div class=\"elementor-gallery-item__overlay\"><\/div>\n\t\t\t\t\t\t\t\t\t\t\t\t\t\t<\/a>\n\t\t\t\t\t\t\t<a class=\"e-gallery-item elementor-gallery-item elementor-animated-content\" href=\"https:\/\/www.centrerenaissance.net\/wp-content\/uploads\/2022\/05\/Renaissance-El-Centre-12.jpg\" data-elementor-open-lightbox=\"yes\" data-elementor-lightbox-slideshow=\"b9bf145\" data-elementor-lightbox-title=\"Renaissance - El Centro\" data-e-action-hash=\"#elementor-action%3Aaction%3Dlightbox%26settings%3DeyJpZCI6MTYwMywidXJsIjoiaHR0cHM6XC9cL3d3dy5jZW50cmVyZW5haXNzYW5jZS5uZXRcL3dwLWNvbnRlbnRcL3VwbG9hZHNcLzIwMjJcLzA1XC9SZW5haXNzYW5jZS1FbC1DZW50cmUtMTIuanBnIiwic2xpZGVzaG93IjoiYjliZjE0NSJ9\">\n\t\t\t\t\t<div class=\"e-gallery-image elementor-gallery-item__image\" data-thumbnail=\"https:\/\/www.centrerenaissance.net\/wp-content\/uploads\/2022\/05\/Renaissance-El-Centre-12.jpg\" data-width=\"675\" data-height=\"900\" aria-label=\"Renaissance - El Centre\" role=\"img\" ><\/div>\n\t\t\t\t\t\t\t\t\t\t\t<div class=\"elementor-gallery-item__overlay\"><\/div>\n\t\t\t\t\t\t\t\t\t\t\t\t\t\t<\/a>\n\t\t\t\t\t\t\t<a class=\"e-gallery-item elementor-gallery-item elementor-animated-content\" href=\"https:\/\/www.centrerenaissance.net\/wp-content\/uploads\/2022\/05\/Renaissance-El-Centre-3.jpeg\" data-elementor-open-lightbox=\"yes\" data-elementor-lightbox-slideshow=\"b9bf145\" data-elementor-lightbox-title=\"Renaissance - El Centro\" data-e-action-hash=\"#elementor-action%3Aaction%3Dlightbox%26settings%3DeyJpZCI6MTU5NCwidXJsIjoiaHR0cHM6XC9cL3d3dy5jZW50cmVyZW5haXNzYW5jZS5uZXRcL3dwLWNvbnRlbnRcL3VwbG9hZHNcLzIwMjJcLzA1XC9SZW5haXNzYW5jZS1FbC1DZW50cmUtMy5qcGVnIiwic2xpZGVzaG93IjoiYjliZjE0NSJ9\">\n\t\t\t\t\t<div class=\"e-gallery-image elementor-gallery-item__image\" data-thumbnail=\"https:\/\/www.centrerenaissance.net\/wp-content\/uploads\/2022\/05\/Renaissance-El-Centre-3.jpeg\" data-width=\"900\" data-height=\"675\" aria-label=\"Renaissance - El Centre\" role=\"img\" ><\/div>\n\t\t\t\t\t\t\t\t\t\t\t<div class=\"elementor-gallery-item__overlay\"><\/div>\n\t\t\t\t\t\t\t\t\t\t\t\t\t\t<\/a>\n\t\t\t\t\t\t\t<a class=\"e-gallery-item elementor-gallery-item elementor-animated-content\" href=\"https:\/\/www.centrerenaissance.net\/wp-content\/uploads\/2024\/01\/Renaissance-El-Centre-9.jpg\" data-elementor-open-lightbox=\"yes\" data-elementor-lightbox-slideshow=\"b9bf145\" data-elementor-lightbox-title=\"Renaissance - El Centro\" data-e-action-hash=\"#elementor-action%3Aaction%3Dlightbox%26settings%3DeyJpZCI6MjE2MCwidXJsIjoiaHR0cHM6XC9cL3d3dy5jZW50cmVyZW5haXNzYW5jZS5uZXRcL3dwLWNvbnRlbnRcL3VwbG9hZHNcLzIwMjRcLzAxXC9SZW5haXNzYW5jZS1FbC1DZW50cmUtOS5qcGciLCJzbGlkZXNob3ciOiJiOWJmMTQ1In0%3D\">\n\t\t\t\t\t<div class=\"e-gallery-image elementor-gallery-item__image\" data-thumbnail=\"https:\/\/www.centrerenaissance.net\/wp-content\/uploads\/2024\/01\/Renaissance-El-Centre-9.jpg\" data-width=\"900\" data-height=\"675\" aria-label=\"Renaissance - El Centre\" role=\"img\" ><\/div>\n\t\t\t\t\t\t\t\t\t\t\t<div class=\"elementor-gallery-item__overlay\"><\/div>\n\t\t\t\t\t\t\t\t\t\t\t\t\t\t<\/a>\n\t\t\t\t\t\t\t<a class=\"e-gallery-item elementor-gallery-item elementor-animated-content\" href=\"https:\/\/www.centrerenaissance.net\/wp-content\/uploads\/2022\/05\/Renaissance-El-Centre-4.jpeg\" data-elementor-open-lightbox=\"yes\" data-elementor-lightbox-slideshow=\"b9bf145\" data-elementor-lightbox-title=\"Renaissance - El Centro\" data-e-action-hash=\"#elementor-action%3Aaction%3Dlightbox%26settings%3DeyJpZCI6MTU5NSwidXJsIjoiaHR0cHM6XC9cL3d3dy5jZW50cmVyZW5haXNzYW5jZS5uZXRcL3dwLWNvbnRlbnRcL3VwbG9hZHNcLzIwMjJcLzA1XC9SZW5haXNzYW5jZS1FbC1DZW50cmUtNC5qcGVnIiwic2xpZGVzaG93IjoiYjliZjE0NSJ9\">\n\t\t\t\t\t<div class=\"e-gallery-image elementor-gallery-item__image\" data-thumbnail=\"https:\/\/www.centrerenaissance.net\/wp-content\/uploads\/2022\/05\/Renaissance-El-Centre-4.jpeg\" data-width=\"900\" data-height=\"675\" aria-label=\"Renaissance - El Centre\" role=\"img\" ><\/div>\n\t\t\t\t\t\t\t\t\t\t\t<div class=\"elementor-gallery-item__overlay\"><\/div>\n\t\t\t\t\t\t\t\t\t\t\t\t\t\t<\/a>\n\t\t\t\t\t<\/div>\n\t\t\t\t\t<\/div>\n\t\t\t\t<\/div>\n\t\t\t\t\t<\/div>\n\t\t<\/div>\n\t\t\t\t\t<\/div>\n\t\t<\/section>\n\t\t\t\t<\/div>","protected":false},"excerpt":{"rendered":"<p>Entra en Renaissance y \u00a1renace con nosotros! Te cuidamos por dentro y por fuera. Nos encontrar\u00e1s en el centro de Sant Feliu de Gu\u00edxols, justo frente al Monestir. Un local c\u00e1lido, confortable, acogedor. Un espacio \u00edntimo, hecho para ti. Disponemos de una cabina donde aplicamos los procedimientos personalizados y una sala polivalente adaptada para poder<br \/><a class=\"moretag\" href=\"https:\/\/www.centrerenaissance.net\/ca\/el-centro\/\">+ Read More<\/a><\/p>","protected":false},"author":1,"featured_media":2527,"parent":0,"menu_order":0,"comment_status":"closed","ping_status":"closed","template":"templates\/page-fullwidth_template.php","meta":{"footnotes":""},"class_list":["post-449","page","type-page","status-publish","has-post-thumbnail","hentry"],"_links":{"self":[{"href":"https:\/\/www.centrerenaissance.net\/ca\/wp-json\/wp\/v2\/pages\/449","targetHints":{"allow":["GET"]}}],"collection":[{"href":"https:\/\/www.centrerenaissance.net\/ca\/wp-json\/wp\/v2\/pages"}],"about":[{"href":"https:\/\/www.centrerenaissance.net\/ca\/wp-json\/wp\/v2\/types\/page"}],"author":[{"embeddable":true,"href":"https:\/\/www.centrerenaissance.net\/ca\/wp-json\/wp\/v2\/users\/1"}],"replies":[{"embeddable":true,"href":"https:\/\/www.centrerenaissance.net\/ca\/wp-json\/wp\/v2\/comments?post=449"}],"version-history":[{"count":0,"href":"https:\/\/www.centrerenaissance.net\/ca\/wp-json\/wp\/v2\/pages\/449\/revisions"}],"wp:featuredmedia":[{"embeddable":true,"href":"https:\/\/www.centrerenaissance.net\/ca\/wp-json\/wp\/v2\/media\/2527"}],"wp:attachment":[{"href":"https:\/\/www.centrerenaissance.net\/ca\/wp-json\/wp\/v2\/media?parent=449"}],"curies":[{"name":"wp","href":"https:\/\/api.w.org\/{rel}","templated":true}]}}