{"id":858,"date":"2022-05-04T17:54:23","date_gmt":"2022-05-04T15:54:23","guid":{"rendered":"https:\/\/www.centrerenaissance.net\/?page_id=858"},"modified":"2025-07-21T22:13:16","modified_gmt":"2025-07-21T20:13:16","slug":"quien-soy","status":"publish","type":"page","link":"https:\/\/www.centrerenaissance.net\/ca\/quien-soy\/","title":{"rendered":"Qui s\u00f3c"},"content":{"rendered":"<p style=\"text-align: justify;\" class=\"translation-block\"><strong>Llicenciada en Biologia<\/strong>, comen\u00e7ant amb la protecci\u00f3 de les plantes i acabant al sector de producci\u00f3 farmac\u00e8utica, sempre vaig estar conven\u00e7uda que cada organisme viu disposa dels seus propis mecanismes de curaci\u00f3, que esperen ser <strong>\u00abdespertats\u00bb<\/strong>.<\/p>\n<p style=\"text-align: justify;\" class=\"translation-block\">Quan la meva vida ha fet un gir important, he aprofitat l'oportunitat d'entrar i aprofundir el fascinant m\u00f3n del <strong>Quiromassatge i altres T\u00e8cniques Naturals en les diferents facetes,<\/strong> per\u00f2 amb el mateix objectiu: facilitar el proc\u00e9s de recuperaci\u00f3 del cos a trav\u00e9s de manipulacions i moviments espec\u00edfics, precisos, proporcionats i generalment agradables, segons el cas.<\/p>\n<p>Actualment s\u00f3c diplomada en:<\/p>\n<ul>\n<li>Quiromassatge<\/li>\n<li>Osteopatia estructural-Quiropr\u00e0xia.<\/li>\n<li>Osteopatia crani-sacral.<\/li>\n<li>Osteopatia miofascial.<\/li>\n<li>Drenatge limf\u00e0tic manual (M. Vodder).<\/li>\n<li>Reflexologia podal i de la m\u00e0.<\/li>\n<li>Est\u00e8tica facial.<\/li>\n<li>R.E.S.E.T. ATM.<\/li>\n<li>Reiki, Nivell I i II.<\/li>\n<\/ul>\n<p style=\"text-align: justify;\">L'experi\u00e8ncia d'anys de treball em va ensenyar que la m\u00e0gia del toc de les mans rau en la vocaci\u00f3, el lliurament, la responsabilitat del professional i l'amor cap a l'\u00e9sser hum\u00e0.<\/p>","protected":false},"excerpt":{"rendered":"<p>Licenciada en Biolog\u00eda, empezando con la protecci\u00f3n de las plantas y acabando en el sector de producci\u00f3n farmac\u00e9utica, siempre estuve convencida que cada organismo vivo dispone de sus propios mecanismos de curaci\u00f3n, que esperan ser \u00abdespertados\u00bb. Cuando mi vida ha dado un giro importante, he aprovechado la oportunidad de entrar y profundizar el fascinante mundo<br \/><a class=\"moretag\" href=\"https:\/\/www.centrerenaissance.net\/ca\/quien-soy\/\">+ Read More<\/a><\/p>","protected":false},"author":1,"featured_media":2527,"parent":0,"menu_order":0,"comment_status":"closed","ping_status":"closed","template":"templates\/page-fullwidth_template.php","meta":{"footnotes":""},"class_list":["post-858","page","type-page","status-publish","has-post-thumbnail","hentry"],"_links":{"self":[{"href":"https:\/\/www.centrerenaissance.net\/ca\/wp-json\/wp\/v2\/pages\/858","targetHints":{"allow":["GET"]}}],"collection":[{"href":"https:\/\/www.centrerenaissance.net\/ca\/wp-json\/wp\/v2\/pages"}],"about":[{"href":"https:\/\/www.centrerenaissance.net\/ca\/wp-json\/wp\/v2\/types\/page"}],"author":[{"embeddable":true,"href":"https:\/\/www.centrerenaissance.net\/ca\/wp-json\/wp\/v2\/users\/1"}],"replies":[{"embeddable":true,"href":"https:\/\/www.centrerenaissance.net\/ca\/wp-json\/wp\/v2\/comments?post=858"}],"version-history":[{"count":2,"href":"https:\/\/www.centrerenaissance.net\/ca\/wp-json\/wp\/v2\/pages\/858\/revisions"}],"predecessor-version":[{"id":2652,"href":"https:\/\/www.centrerenaissance.net\/ca\/wp-json\/wp\/v2\/pages\/858\/revisions\/2652"}],"wp:featuredmedia":[{"embeddable":true,"href":"https:\/\/www.centrerenaissance.net\/ca\/wp-json\/wp\/v2\/media\/2527"}],"wp:attachment":[{"href":"https:\/\/www.centrerenaissance.net\/ca\/wp-json\/wp\/v2\/media?parent=858"}],"curies":[{"name":"wp","href":"https:\/\/api.w.org\/{rel}","templated":true}]}}